{"id":2078,"date":"2023-01-29T17:57:11","date_gmt":"2023-01-29T17:57:11","guid":{"rendered":"https:\/\/new.monifate.es\/?page_id=2078"},"modified":"2023-02-03T17:01:26","modified_gmt":"2023-02-03T17:01:26","slug":"calendario-filippiano","status":"publish","type":"page","link":"https:\/\/new.monifate.es\/?page_id=2078","title":{"rendered":"Calendario Filippiano"},"content":{"rendered":"\n<p>El Calendario Filippiano es un modelo de calendario usado en la Thierra, aunque realmente no ha sido nunca el m\u00e1s popular entre ninguna de las civilizaciones que poblaron este inh\u00f3spito planeta. A d\u00eda de hoy se utiliza sobre todo el calendario brevoriano que, en esencia, es id\u00e9ntico al gregoriano que usamos en la Tierra, pero con un par de cambios con respecto al tratamiento de los d\u00edas en los a\u00f1os bisiestos y el hecho de que tienen un a\u00f1o distinto (empezaron contando en a\u00f1os negativos para acabar en el a\u00f1o 0, que, hipot\u00e9ticamente, coincidir\u00eda con el \u201cfin del mundo\u201d).<\/p>\n\n\n\n<p>El calendario Filippiano fue introducido hace siglos por \u201cCubo de Basura\u201d Spencer (no un ancestro ni una reencarnaci\u00f3n previa, el mismo \u201cCubo de Basura\u201d que existe en el presente; es un hombre muy sano), y, a d\u00eda de hoy, es usado casi exclusivamente como base para una especie de hor\u00f3scopo particularmente extra\u00f1o y quim\u00e9rico, pero que dice ser completa y absolutamente preciso (lo cual, por supuesto, no es cierto. Es decir: venga ya&#8230;).<\/p>\n\n\n\n<h2 id=\"monimes\">Monim\u00e9s<\/h2>\n\n\n\n<p><em>(17\/5 &#8211; 4\/6 del calendario gregoriano)<\/em><\/p>\n\n\n\n<p>Es el primer mes del a\u00f1o, y su nombre est\u00e1 basado en el asteroide M0-N1, que s\u00f3lo se ve el primer d\u00eda de este mes a medida que emite radiaci\u00f3n ultracan\u00f3nica. Se caracteriza porque el sol emite una frecuencia de onda que ilumina los awesombreros especiales durante todo el mes.<\/p>\n\n\n\n<p id=\"andoba\"><strong>Signo: Andoba pele\u00f3n.<\/strong> Siempre les suceden cosas curiosas y anecd\u00f3ticas. Son propensos a la buena y la mala suerte extremas.<\/p>\n\n\n\n<h2 id=\"grunio\">Grunio<\/h2>\n\n\n\n<p><em>(5\/6 -24\/7 del calendario gregoriano)<\/em><\/p>\n\n\n\n<p>El segundo mes del a\u00f1o. Se trata del nombre del cerdo mascota de uno de los astr\u00f3nomos antiguos que lo descubri\u00f3. Durante este mes, las condiciones climatol\u00f3gicas propician la vagancia y los ex\u00e1menes finales.<\/p>\n\n\n\n<p id=\"vacoroo\"><strong>Signo: Vips-vacoroo.<\/strong> Suerte variable, todas las cosas especiales que les pasan se relacionan con un olor fuerte y agradable.<\/p>\n\n\n\n<h2 id=\"verano\">Verano<\/h2>\n\n\n\n<p><em>(25\/7 -24\/9 del calendario gregoriano)<\/em><\/p>\n\n\n\n<p>El tercer mes, que toma su nombre de la galaxia Var-ano. Este mes se caracteriza por toneladas de tiempo libre y por inevitable desperdicio del mismo. Tambi\u00e9n es la \u00e9poca de los pintorescos embarazos no deseados.<\/p>\n\n\n\n<p id=\"frenillo\"><strong>Signo: Frenillo. <\/strong>Suerte predominantemente mala, con ciertos picos de buena suerte. La mala suerte implica fuertes golpes en los genitales; la buena, sexo por compasi\u00f3n. Es com\u00fan que se queden est\u00e9riles antes de la mayor\u00eda de edad.<\/p>\n\n\n\n<h2 id=\"algusto\">Algusto<\/h2>\n\n\n\n<p><em>(25\/9 &#8211; 15\/10 del calendario gregoriano)<\/em><\/p>\n\n\n\n<p>El cuarto mes, nombrado en honor de Lucas Algusto, un complaciente cocinero que al que un emperador antiguo decidi\u00f3 honrar poniendo su nombre en un calendario, pero no en un calendario de verdad, solo en este. En este mes, el ciclo biol\u00f3gico humano entra en un ciclo de depresi\u00f3n que se suele subsanar haciendo colecciones.<\/p>\n\n\n\n<p id=\"siamesis\"><strong>Signo: Siamesis<\/strong>. Tienen un gemelo maligno que les hace la vida imposible, aunque eventualmente, esto les permite mantener relaciones<\/p>\n\n\n\n<h2 id=\"relleno\">Relleno<\/h2>\n\n\n\n<p><em>(16\/10 &#8211; 14\/11 del calendario gregoriano)<\/em><\/p>\n\n\n\n<p>El quinto mes, un nombre ocurrencia de un astr\u00f3nomo vago. Sin embargo, parece que dio en el clavo al denominarlo as\u00ed, pues en este mes no suele suceder nada importante.<\/p>\n\n\n\n<p id=\"salpicadura\"><strong>Signo: Salpicadura.<\/strong> Tienen vidas normales sin apenas sobresaltos. Si tienen buena suerte, como mucho encontrar\u00e1n una moneda de veinte c\u00e9ntimos en el suelo. Con mala suerte, a lo sumo, se les secar\u00e1 la tinta de un bol\u00edgrafo poco usado.<\/p>\n\n\n\n<h2 id=\"dadivan\">Dadiv\u00e1n y alrededores<\/h2>\n\n\n\n<p><em>(15\/11 &#8211; 6\/1 del calendario gregoriano)<\/em><\/p>\n\n\n\n<p>El sexto mes, con un nombre relativo a Dadiv\u00e1n. Es com\u00fan en este mes un poco conocido sentimiento denominado \u201cesp\u00edritu dadivane\u00f1o\u201d y los anuncios de juguetes en la televisi\u00f3n.<\/p>\n\n\n\n<p id=\"cabriconcio\"><strong>Signo: Cabriconcio.<\/strong> Suerte muy variable, especialmente propensos a recibir putadas o a hacerlas.<\/p>\n\n\n\n<h2 id=\"janero\">Janero<\/h2>\n\n\n\n<p><em>(7\/1 &#8211; 14\/1 del calendario gregoriano)<\/em><\/p>\n\n\n\n<p>El s\u00e9ptimo mes, basado en el apodo de un astr\u00f3nomo que se mud\u00f3 en sus a\u00f1os mozos a Riva de Janero (Bray\u00edl). Est\u00e1 caracterizado por una preocupaci\u00f3n generalizada acerca de la masa corporal y las cuestas.<\/p>\n\n\n\n<p id=\"gueto\"><strong>Signo: Gueto.<\/strong> Tremendamente afortunados pero terriblemente gafes. Acercarte a ellos suele desembocar en un accidente de aviaci\u00f3n.<\/p>\n\n\n\n<h2 id=\"fembierno\">Fembierno<\/h2>\n\n\n\n<p><em>(15\/1 &#8211; 13\/2 del calendario gregoriano)<\/em><\/p>\n\n\n\n<p>El octavo mes del calendario, en honor al dios portugriego Fembrando, dios de la paz (pero a mala leche) y patr\u00f3n de las alcachofas. Es un per\u00edodo id\u00f3neo para bonitos d\u00edas de pesca, seg\u00fan datos estad\u00edsticos.<\/p>\n\n\n\n<p id=\"res\"><strong>Signo: Res.<\/strong> Aficionados al campo, las actividades herb\u00edvoras y el proceso de defecaci\u00f3n. Su color de la suerte es el verde o el marr\u00f3n filete.<\/p>\n\n\n\n<h2 id=\"fagas\">Fagas<\/h2>\n\n\n\n<p><em>(14\/2 &#8211; 16\/3 del calendario gregoriano)<\/em><\/p>\n\n\n\n<p>El noveno mes, nombrado por un astr\u00f3nomo que ten\u00eda un vecino oculista que vend\u00eda fagas (como gafas, pero no realmente). Es relativamente normal, pero algunas personas necesitan usar fagas este mes.<\/p>\n\n\n\n<p id=\"tuberculosis\"><strong>Signo: Tuberculosis. <\/strong>En la salud propensos a enfermedades respiratorias de diversa \u00edndole o infecciones en los pendientes reales, lo que tambi\u00e9n los hace desgraciados en el amor. En el dinero todo bien.<\/p>\n\n\n\n<h2 id=\"filippio\">Filippio<\/h2>\n\n\n\n<p><em>(17\/3 &#8211; 23\/4 del calendario gregoriano)<\/em><\/p>\n\n\n\n<p>El d\u00e9cimo mes, designado por Filippo; la poblaci\u00f3n en general no sabe de d\u00f3nde proviene el nombre de este mes y especulan que puede provenir de un rey antiguo, pero claramente es de Filippo. Durante este mes no suele pasar nada digno de menci\u00f3n, pero, como es el mes de Filippo, tiene un pase.<\/p>\n\n\n\n<p id=\"filippiano\"><strong>Signo: Filippiano.<\/strong> Suerte en todo y \u00e9xito asegurado gracias a haber nacido en el mes de nuestro se\u00f1or Filippo, Rey del Universo&#8230; O, bueno, de alg\u00fan universo.<\/p>\n\n\n\n<h2 id=\"payo\">Payo<\/h2>\n\n\n\n<p><em>(24\/4 &#8211; 16\/5 del calendario gregoriano)<\/em><\/p>\n\n\n\n<p>El und\u00e9cimo y \u00faltimo mes. Nombrado por un astr\u00f3nomo muy apegado a sus dineros. En este mes es caracter\u00edstica la subida de las acciones de los sacos, el oro y los televisores de plasma.<\/p>\n\n\n\n<p id=\"argintario\"><strong>Signo: Argintario.<\/strong> No es poco com\u00fan encontrarlos con gorra, chandal y persiguiendo objetos brillantes. Suerte en el dinero, desgraciados en los estudios.<\/p>\n\n\n\n<h2 id=\"apendice\">Ap\u00e9ndice<\/h2>\n\n\n\n<p><em>(29\/2 del calendario gregoriano)<\/em><\/p>\n\n\n\n<p>Un mes extra que solo existe en los a\u00f1os bisiestos. El nombre es meramente funcional, no est\u00e1 basado en nada en especial.<\/p>\n\n\n\n<p id=\"cucario\"><strong>Signo: Cucario.<\/strong> Solo est\u00e1n despiertos durante un mes una vez cada cuatro a\u00f1os (alrededor de su cumplea\u00f1os) y se dedican a ayudar a la polic\u00eda prediciendo el futuro. Son pr\u00e1cticamente criaturas mitol\u00f3gicas.<\/p>\n","protected":false},"excerpt":{"rendered":"<p>El Calendario Filippiano es un modelo de calendario usado en la Thierra, aunque realmente no ha sido nunca el m\u00e1s popular entre ninguna de las civilizaciones que poblaron este inh\u00f3spito planeta. A d\u00eda de hoy se utiliza sobre todo el calendario brevoriano que, en esencia, es id\u00e9ntico al gregoriano que usamos en la Tierra, pero&#8230;<\/p>\n","protected":false},"author":1,"featured_media":0,"parent":0,"menu_order":0,"comment_status":"closed","ping_status":"closed","template":"","meta":[],"_links":{"self":[{"href":"https:\/\/new.monifate.es\/index.php?rest_route=\/wp\/v2\/pages\/2078"}],"collection":[{"href":"https:\/\/new.monifate.es\/index.php?rest_route=\/wp\/v2\/pages"}],"about":[{"href":"https:\/\/new.monifate.es\/index.php?rest_route=\/wp\/v2\/types\/page"}],"author":[{"embeddable":true,"href":"https:\/\/new.monifate.es\/index.php?rest_route=\/wp\/v2\/users\/1"}],"replies":[{"embeddable":true,"href":"https:\/\/new.monifate.es\/index.php?rest_route=%2Fwp%2Fv2%2Fcomments&post=2078"}],"version-history":[{"count":7,"href":"https:\/\/new.monifate.es\/index.php?rest_route=\/wp\/v2\/pages\/2078\/revisions"}],"predecessor-version":[{"id":2143,"href":"https:\/\/new.monifate.es\/index.php?rest_route=\/wp\/v2\/pages\/2078\/revisions\/2143"}],"wp:attachment":[{"href":"https:\/\/new.monifate.es\/index.php?rest_route=%2Fwp%2Fv2%2Fmedia&parent=2078"}],"curies":[{"name":"wp","href":"https:\/\/api.w.org\/{rel}","templated":true}]}}